{"id":2,"date":"2017-02-17T12:23:34","date_gmt":"2017-02-17T11:23:34","guid":{"rendered":"http:\/\/clpremium.fr\/?page_id=2"},"modified":"2017-02-17T16:53:46","modified_gmt":"2017-02-17T15:53:46","slug":"page-d-exemple","status":"publish","type":"page","link":"https:\/\/clpremium.fr\/index.php\/page-d-exemple\/","title":{"rendered":"Nos produits"},"content":{"rendered":"<h6 class=\"title\">CL Premium est n\u00e9e le 1er Avril 1987.<\/h6>\n<p>Nous creeons, fabriquons, importons et distribuons des production sur mesure.<\/p>\n<p>Nos clients sont les maisons de luxe, de vins spiritueux et champagne et les leaders de l\u2019industrie agro alimentaire. Nos cr\u00e9ations sont Con\u00e7ues en France &amp; Fabriqu\u00e9es en Chine.<\/p>\n<p>Le bureau de design int\u00e9gr\u00e9 est dirig\u00e9 par Caroline Lisfranc, fondatrice, designer et pr\u00e9sidente de la soci\u00e9t\u00e9. Il permet la conception et le d\u00e9veloppement de nouveaux produits (primes, objet, packaging, PLV).<\/p>\n<p>La filiale \u00e0 Hong Kong et son bureau de representation Chinois assure le d\u00e9veloppement, la fabrication, le contr\u00f4le qualit\u00e9, les tests reglementaires et la logistique de vos produits.<\/p>\n<p>Confiez nous votre brief et nous r\u00e9aliserons l&#8217;Objet ad\u00e9quat pour votre op\u00e9ration.<\/p>\n","protected":false},"excerpt":{"rendered":"<p>CL Premium est n\u00e9e le 1er Avril 1987. Nous creeons, fabriquons, importons et distribuons des production sur mesure. Nos clients sont les maisons de luxe, de vins spiritueux et champagne et les leaders de l\u2019industrie agro alimentaire. Nos cr\u00e9ations sont Con\u00e7ues en France &amp; Fabriqu\u00e9es en Chine. Le bureau de design int\u00e9gr\u00e9 est dirig\u00e9 par [&hellip;]<\/p>\n","protected":false},"author":1,"featured_media":0,"parent":0,"menu_order":0,"comment_status":"closed","ping_status":"open","template":"portfolio-page.php","meta":[],"_links":{"self":[{"href":"https:\/\/clpremium.fr\/index.php\/wp-json\/wp\/v2\/pages\/2"}],"collection":[{"href":"https:\/\/clpremium.fr\/index.php\/wp-json\/wp\/v2\/pages"}],"about":[{"href":"https:\/\/clpremium.fr\/index.php\/wp-json\/wp\/v2\/types\/page"}],"author":[{"embeddable":true,"href":"https:\/\/clpremium.fr\/index.php\/wp-json\/wp\/v2\/users\/1"}],"replies":[{"embeddable":true,"href":"https:\/\/clpremium.fr\/index.php\/wp-json\/wp\/v2\/comments?post=2"}],"version-history":[{"count":5,"href":"https:\/\/clpremium.fr\/index.php\/wp-json\/wp\/v2\/pages\/2\/revisions"}],"predecessor-version":[{"id":486,"href":"https:\/\/clpremium.fr\/index.php\/wp-json\/wp\/v2\/pages\/2\/revisions\/486"}],"wp:attachment":[{"href":"https:\/\/clpremium.fr\/index.php\/wp-json\/wp\/v2\/media?parent=2"}],"curies":[{"name":"wp","href":"https:\/\/api.w.org\/{rel}","templated":true}]}}