{"id":489,"date":"2017-02-17T16:13:16","date_gmt":"2017-02-17T15:13:16","guid":{"rendered":"http:\/\/clpremium.fr\/?page_id=489"},"modified":"2017-03-15T10:52:36","modified_gmt":"2017-03-15T09:52:36","slug":"qui-sommes-nous","status":"publish","type":"page","link":"https:\/\/clpremium.fr\/","title":{"rendered":"Des produits \u00e0 vos mesures"},"content":{"rendered":"<p class=\"title\">La soci\u00e9t\u00e9\u00a0CL Premium\u00a0a \u00e9t\u00e9 fond\u00e9e\u00a0le 1er Avril 1987\u00a0par sa pr\u00e9sidente Caroline Lisfranc, designer.<\/p>\n<p class=\"title\">\nNous cr\u00e9ons,\u00a0nous\u00a0fabriquons,\u00a0nous\u00a0importons et\u00a0nous\u00a0distribuons des produits\u00a0promotionnels\u00a0sur mesure.<\/p>\n<p class=\"title\">\nNos clients sont\u00a0notamment des maisons de luxe, de vins spiritueux, de\u00a0champagne et\u00a0des leaders de l\u2019industrie agroalimentaire.<\/p>\n<p class=\"title\">\nNos cr\u00e9ations sont con\u00e7ues en France\u00a0puis fabriqu\u00e9es en Chine.<br \/>\nNotre\u00a0bureau\u00a0parisien\u00a0de design int\u00e9gr\u00e9\u00a0et supervis\u00e9 par Caroline Lisfranc\u00a0permet la conception et le d\u00e9veloppement de nouveaux produits (primes,\u00a0objets,\u00a0packaging, PLV\u2026).<br \/>\nNotre\u00a0filiale de Hong Kong et son bureau de repr\u00e9sentation Chinois assurent le d\u00e9veloppement, la fabrication, le contr\u00f4le qualit\u00e9, les tests r\u00e9glementaires et la logistique.<\/p>\n<p class=\"title\">\nConfiez-nous<strong>\u00a0votre brief\u00a0<\/strong>et nous r\u00e9aliserons<strong>\u00a0l&#8217;Objet\u00a0<\/strong><strong>id\u00e9al<\/strong><strong>\u00a0<\/strong>pour votre op\u00e9ration.<\/p>\n<div><\/div>\n","protected":false},"excerpt":{"rendered":"<p>La soci\u00e9t\u00e9\u00a0CL Premium\u00a0a \u00e9t\u00e9 fond\u00e9e\u00a0le 1er Avril 1987\u00a0par sa pr\u00e9sidente Caroline Lisfranc, designer. Nous cr\u00e9ons,\u00a0nous\u00a0fabriquons,\u00a0nous\u00a0importons et\u00a0nous\u00a0distribuons des produits\u00a0promotionnels\u00a0sur mesure. Nos clients sont\u00a0notamment des maisons de luxe, de vins spiritueux, de\u00a0champagne et\u00a0des leaders de l\u2019industrie agroalimentaire. Nos cr\u00e9ations sont con\u00e7ues en France\u00a0puis fabriqu\u00e9es en Chine. Notre\u00a0bureau\u00a0parisien\u00a0de design int\u00e9gr\u00e9\u00a0et supervis\u00e9 par Caroline Lisfranc\u00a0permet la conception et le [&hellip;]<\/p>\n","protected":false},"author":1,"featured_media":0,"parent":0,"menu_order":0,"comment_status":"closed","ping_status":"closed","template":"","meta":[],"_links":{"self":[{"href":"https:\/\/clpremium.fr\/index.php\/wp-json\/wp\/v2\/pages\/489"}],"collection":[{"href":"https:\/\/clpremium.fr\/index.php\/wp-json\/wp\/v2\/pages"}],"about":[{"href":"https:\/\/clpremium.fr\/index.php\/wp-json\/wp\/v2\/types\/page"}],"author":[{"embeddable":true,"href":"https:\/\/clpremium.fr\/index.php\/wp-json\/wp\/v2\/users\/1"}],"replies":[{"embeddable":true,"href":"https:\/\/clpremium.fr\/index.php\/wp-json\/wp\/v2\/comments?post=489"}],"version-history":[{"count":12,"href":"https:\/\/clpremium.fr\/index.php\/wp-json\/wp\/v2\/pages\/489\/revisions"}],"predecessor-version":[{"id":668,"href":"https:\/\/clpremium.fr\/index.php\/wp-json\/wp\/v2\/pages\/489\/revisions\/668"}],"wp:attachment":[{"href":"https:\/\/clpremium.fr\/index.php\/wp-json\/wp\/v2\/media?parent=489"}],"curies":[{"name":"wp","href":"https:\/\/api.w.org\/{rel}","templated":true}]}}