{"id":510,"date":"2017-02-17T17:38:08","date_gmt":"2017-02-17T16:38:08","guid":{"rendered":"http:\/\/clpremium.fr\/?page_id=510"},"modified":"2017-03-15T15:47:28","modified_gmt":"2017-03-15T14:47:28","slug":"lentreprise","status":"publish","type":"page","link":"https:\/\/clpremium.fr\/index.php\/lentreprise\/","title":{"rendered":"L&#8217;entreprise"},"content":{"rendered":"<h3>Nos \u00e9quipes<\/h3>\n<h6 class=\"title\">Con\u00e7u en France \u2013 fabriqu\u00e9 en Chine :<\/h6>\n<p class=\"title\">La conception est g\u00e9r\u00e9e par notre \u00e9quipe en France\u00a0: r\u00e9flexions, cr\u00e9ativit\u00e9, \u00e9nergies, r\u00e9activit\u00e9 et qualit\u00e9 sont les moteurs de CL Premium.<\/p>\n<p class=\"title\">Notre \u00e9quipe commerciale bas\u00e9e \u00e0 Paris anticipe vos besoins et r\u00e9pond \u00e0 vos demandes dans le souci du meilleur rapport qualit\u00e9\/prix et dans le respect de vos budgets et de vos d\u00e9lais. Une fois votre demande bien identifi\u00e9e, nous la personnaliserons \u00e0 votre image, sous l\u2019oeil de Caroline Lisfranc.<\/p>\n<p class=\"title\">La fabrication est assur\u00e9e par notre \u00e9quipe asiatique : notre filiale CL Premium Asia, dans la province de Canton, existe depuis douze ans. Elle prend en charge la s\u00e9lection de nos fournisseurs, encadre et supervise l\u2019ensemble de nos productions avec nos usines partenaires.<\/p>\n<p class=\"title\">CL Premium dispose aussi de son service logistique : optimisation des flux de transport, pour r\u00e9duire les co\u00fbts et ma\u00eetriser vos d\u00e9lais et vos contraintes de livraison.<\/p>\n<h3>Studio Cr\u00e9ation<\/h3>\n<p class=\"title\">Le bureau de design int\u00e9gr\u00e9 est anim\u00e9 et supervis\u00e9 par la designer et Pr\u00e9sidente Caroline Lisfranc. Nous assurons la conception et le d\u00e9veloppement de nouveaux produits (primes, packaging, PLV) en interne.<\/p>\n<p class=\"title\">Apr\u00e8s un brainstorming entre le client, l&#8217;\u00e9quipe commerciale et le studio cr\u00e9atif, et sous le regard de Caroline, la feuille blanche se concr\u00e9tise en objet. Cr\u00e9ation pure, conception des objets, personnalisation \u00e0 vos couleurs, mod\u00e9lisation en 3D, Impressions en 3D, plans d\u00e9taill\u00e9s, planches de pr\u00e9sentations des solutions pr\u00e9conis\u00e9es et maquettes, regroupent un savoir-faire \u00e9tendu qui r\u00e9pond pr\u00e9cis\u00e9ment \u00e0 vos attentes.<\/p>\n<div data-carousel-extra='{\"blog_id\":1,\"permalink\":\"https:\\\/\\\/clpremium.fr\\\/index.php\\\/lentreprise\\\/\"}' id='gallery-1' class='gallery galleryid-510 gallery-columns-1 gallery-size-full'><figure class='gallery-item'>\n\t\t\t<div class='gallery-icon landscape'>\n\t\t\t\t<a href='https:\/\/clpremium.fr\/index.php\/lentreprise\/studio01\/'><img width=\"800\" height=\"250\" src=\"https:\/\/i1.wp.com\/clpremium.fr\/wp-content\/uploads\/2017\/02\/studio01.jpg?fit=800%2C250&amp;ssl=1\" class=\"attachment-full size-full\" alt=\"\" decoding=\"async\" loading=\"lazy\" srcset=\"https:\/\/i1.wp.com\/clpremium.fr\/wp-content\/uploads\/2017\/02\/studio01.jpg?w=800 800w, https:\/\/i1.wp.com\/clpremium.fr\/wp-content\/uploads\/2017\/02\/studio01.jpg?resize=300%2C94 300w, https:\/\/i1.wp.com\/clpremium.fr\/wp-content\/uploads\/2017\/02\/studio01.jpg?resize=768%2C240 768w, https:\/\/i1.wp.com\/clpremium.fr\/wp-content\/uploads\/2017\/02\/studio01.jpg?resize=220%2C69 220w\" sizes=\"(max-width: 800px) 100vw, 800px\" data-attachment-id=\"516\" data-permalink=\"https:\/\/clpremium.fr\/index.php\/lentreprise\/studio01\/\" data-orig-file=\"https:\/\/i1.wp.com\/clpremium.fr\/wp-content\/uploads\/2017\/02\/studio01.jpg?fit=800%2C250&amp;ssl=1\" data-orig-size=\"800,250\" data-comments-opened=\"0\" data-image-meta=\"{&quot;aperture&quot;:&quot;0&quot;,&quot;credit&quot;:&quot;&quot;,&quot;camera&quot;:&quot;&quot;,&quot;caption&quot;:&quot;&quot;,&quot;created_timestamp&quot;:&quot;0&quot;,&quot;copyright&quot;:&quot;&quot;,&quot;focal_length&quot;:&quot;0&quot;,&quot;iso&quot;:&quot;0&quot;,&quot;shutter_speed&quot;:&quot;0&quot;,&quot;title&quot;:&quot;&quot;,&quot;orientation&quot;:&quot;0&quot;}\" data-image-title=\"studio01\" data-image-description=\"\" data-medium-file=\"https:\/\/i1.wp.com\/clpremium.fr\/wp-content\/uploads\/2017\/02\/studio01.jpg?fit=300%2C94&amp;ssl=1\" data-large-file=\"https:\/\/i1.wp.com\/clpremium.fr\/wp-content\/uploads\/2017\/02\/studio01.jpg?fit=800%2C250&amp;ssl=1\" \/><\/a>\n\t\t\t<\/div><\/figure><figure class='gallery-item'>\n\t\t\t<div class='gallery-icon landscape'>\n\t\t\t\t<a href='https:\/\/clpremium.fr\/index.php\/lentreprise\/studio02\/'><img width=\"800\" height=\"250\" src=\"https:\/\/i0.wp.com\/clpremium.fr\/wp-content\/uploads\/2017\/02\/studio02.png?fit=800%2C250&amp;ssl=1\" class=\"attachment-full size-full\" alt=\"\" decoding=\"async\" loading=\"lazy\" srcset=\"https:\/\/i0.wp.com\/clpremium.fr\/wp-content\/uploads\/2017\/02\/studio02.png?w=800 800w, https:\/\/i0.wp.com\/clpremium.fr\/wp-content\/uploads\/2017\/02\/studio02.png?resize=300%2C94 300w, https:\/\/i0.wp.com\/clpremium.fr\/wp-content\/uploads\/2017\/02\/studio02.png?resize=768%2C240 768w, https:\/\/i0.wp.com\/clpremium.fr\/wp-content\/uploads\/2017\/02\/studio02.png?resize=220%2C69 220w\" sizes=\"(max-width: 800px) 100vw, 800px\" data-attachment-id=\"517\" data-permalink=\"https:\/\/clpremium.fr\/index.php\/lentreprise\/studio02\/\" data-orig-file=\"https:\/\/i0.wp.com\/clpremium.fr\/wp-content\/uploads\/2017\/02\/studio02.png?fit=800%2C250&amp;ssl=1\" data-orig-size=\"800,250\" data-comments-opened=\"0\" data-image-meta=\"{&quot;aperture&quot;:&quot;0&quot;,&quot;credit&quot;:&quot;&quot;,&quot;camera&quot;:&quot;&quot;,&quot;caption&quot;:&quot;&quot;,&quot;created_timestamp&quot;:&quot;0&quot;,&quot;copyright&quot;:&quot;&quot;,&quot;focal_length&quot;:&quot;0&quot;,&quot;iso&quot;:&quot;0&quot;,&quot;shutter_speed&quot;:&quot;0&quot;,&quot;title&quot;:&quot;&quot;,&quot;orientation&quot;:&quot;0&quot;}\" data-image-title=\"studio02\" data-image-description=\"\" data-medium-file=\"https:\/\/i0.wp.com\/clpremium.fr\/wp-content\/uploads\/2017\/02\/studio02.png?fit=300%2C94&amp;ssl=1\" data-large-file=\"https:\/\/i0.wp.com\/clpremium.fr\/wp-content\/uploads\/2017\/02\/studio02.png?fit=800%2C250&amp;ssl=1\" \/><\/a>\n\t\t\t<\/div><\/figure>\n\t\t<\/div>\n\n<h3>Showroom<\/h3>\n<p class=\"title\">Nous s\u00e9lectionnons les produits qui correspondent \u00e0 vos attentes et r\u00e9pondront \u00e0 vos contraintes. Au besoin nous cr\u00e9ons l\u2019objet, si celui n\u2019existe pas. Notre showroom parisien vous permettra de d\u00e9couvrir nos derni\u00e8res cr\u00e9ations, les produits les plus novateurs, ainsi que les multiples mati\u00e8res de notre mat\u00e9rioth\u00e8que, que nous allons rechercher pour vous dans les salons du monde entier.<\/p>\n<p><img data-attachment-id=\"525\" data-permalink=\"https:\/\/clpremium.fr\/index.php\/lentreprise\/show02\/\" data-orig-file=\"https:\/\/i2.wp.com\/clpremium.fr\/wp-content\/uploads\/2017\/02\/show02.jpg?fit=800%2C350&amp;ssl=1\" data-orig-size=\"800,350\" data-comments-opened=\"0\" data-image-meta=\"{&quot;aperture&quot;:&quot;0&quot;,&quot;credit&quot;:&quot;&quot;,&quot;camera&quot;:&quot;&quot;,&quot;caption&quot;:&quot;&quot;,&quot;created_timestamp&quot;:&quot;0&quot;,&quot;copyright&quot;:&quot;&quot;,&quot;focal_length&quot;:&quot;0&quot;,&quot;iso&quot;:&quot;0&quot;,&quot;shutter_speed&quot;:&quot;0&quot;,&quot;title&quot;:&quot;&quot;,&quot;orientation&quot;:&quot;0&quot;}\" data-image-title=\"show02\" data-image-description=\"\" data-medium-file=\"https:\/\/i2.wp.com\/clpremium.fr\/wp-content\/uploads\/2017\/02\/show02.jpg?fit=300%2C131&amp;ssl=1\" data-large-file=\"https:\/\/i2.wp.com\/clpremium.fr\/wp-content\/uploads\/2017\/02\/show02.jpg?fit=800%2C350&amp;ssl=1\" decoding=\"async\" loading=\"lazy\" class=\"alignnone wp-image-525 size-full\" src=\"https:\/\/i2.wp.com\/clpremium.fr\/wp-content\/uploads\/2017\/02\/show02.jpg?resize=800%2C350\" srcset=\"https:\/\/i2.wp.com\/clpremium.fr\/wp-content\/uploads\/2017\/02\/show02.jpg?w=800 800w, https:\/\/i2.wp.com\/clpremium.fr\/wp-content\/uploads\/2017\/02\/show02.jpg?resize=300%2C131 300w, https:\/\/i2.wp.com\/clpremium.fr\/wp-content\/uploads\/2017\/02\/show02.jpg?resize=768%2C336 768w, https:\/\/i2.wp.com\/clpremium.fr\/wp-content\/uploads\/2017\/02\/show02.jpg?resize=220%2C96 220w\" sizes=\"(max-width: 800px) 100vw, 800px\" data-recalc-dims=\"1\" \/><\/p>\n<h3>Exigence<\/h3>\n<p class=\"title\">Tous nos collaborateurs signent un contrat de confidentialit\u00e9, garantissant la s\u00e9curit\u00e9 de vos projets. Le groupe CL Premium r\u00e9f\u00e9rencie rigoureusement ses usines partenaires et les audite syst\u00e9matiquement sur leur environnement social, industriel et financier. Ces usines r\u00e9pondent \u00e0 une exigence technique. Pour \u00eatre \u00e9ligibles, elles doivent \u00eatre respectueuses d&#8217;un &#8220;code of conduct&#8221; correspondant aux normes internationales en mati\u00e8re de respect du droit du travail, d&#8217;hygi\u00e8ne et de s\u00e9curit\u00e9. Ces partenaires sont aussi s\u00e9lectionn\u00e9s pour leurs comp\u00e9tences. Certains d&#8217;entre eux travaillent avec nous depuis plus\u00a0dix\u00a0ans. Ils signent un cahier des charges et sont soumis \u00e0 un contr\u00f4le qualit\u00e9, r\u00e9alis\u00e9 par CL Premium Asia, tout au long de la production.<\/p>\n<h3 class=\"title\">RSE<\/h3>\n<p>CL Premium est \u00e9valu\u00e9e chaque ann\u00e9e par EcoVadis sur son syst\u00e8me de management RSE.<br class=\"\" \/><span class=\"\">Faire le choix de la RSE est le moyen de r\u00e9pondre \u00e0 une demande croissante de nos clients sensibles aux\u00a0cons\u00e9quences sociales et environnementales de nos achats, de nos salari\u00e9s, pour devenir socialement responsables \u00e0 tout niveau.<\/span><br class=\"\" \/><span class=\"\">Cela ne peut pas se faire du jour au lendemain, mais\u00a0nous sommes\u00a0<\/span>convaincus que la RSE est une d\u00e9marche cr\u00e9atrice de performance dans les champs environnemental, sociale et\/ou \u00e9thique.<br class=\"\" \/>S\u00e9curit\u00e9-Environnement-Qualit\u00e9 : cr\u00e9ation =&gt; v\u00e9rification =&gt; production =&gt; &#8220;quality control&#8221; =&gt; satisfaction de tous.\u00a0<br class=\"\" \/>CL Premium est attach\u00e9e \u00e0 la tra\u00e7abilit\u00e9 des mati\u00e8res premi\u00e8res, aux conditions de production, \u00e0 la recherche constante de nouveaux fournisseurs avec v\u00e9rification d\u2019audits BSCI ou Sedex \u00e0 jour&#8230;<\/p>\n<div class=\"\">\n<div class=\"\">\n<div class=\"\">\n<div class=\"\">Nous pensons d\u00e9sormais nos achats et nos productions comme &#8220;responsables&#8221; afin de continuer jour apr\u00e8s jour \u00e0 nous am\u00e9liorer et \u00e0 continuer d\u2019\u00eatre votre partenaire.<\/div>\n<\/div>\n<\/div>\n<\/div>\n","protected":false},"excerpt":{"rendered":"<p>Nos \u00e9quipes Con\u00e7u en France \u2013 fabriqu\u00e9 en Chine : La conception est g\u00e9r\u00e9e par notre \u00e9quipe en France\u00a0: r\u00e9flexions, cr\u00e9ativit\u00e9, \u00e9nergies, r\u00e9activit\u00e9 et qualit\u00e9 sont les moteurs de CL Premium. Notre \u00e9quipe commerciale bas\u00e9e \u00e0 Paris anticipe vos besoins et r\u00e9pond \u00e0 vos demandes dans le souci du meilleur rapport qualit\u00e9\/prix et dans le [&hellip;]<\/p>\n","protected":false},"author":1,"featured_media":0,"parent":0,"menu_order":0,"comment_status":"closed","ping_status":"closed","template":"","meta":[],"_links":{"self":[{"href":"https:\/\/clpremium.fr\/index.php\/wp-json\/wp\/v2\/pages\/510"}],"collection":[{"href":"https:\/\/clpremium.fr\/index.php\/wp-json\/wp\/v2\/pages"}],"about":[{"href":"https:\/\/clpremium.fr\/index.php\/wp-json\/wp\/v2\/types\/page"}],"author":[{"embeddable":true,"href":"https:\/\/clpremium.fr\/index.php\/wp-json\/wp\/v2\/users\/1"}],"replies":[{"embeddable":true,"href":"https:\/\/clpremium.fr\/index.php\/wp-json\/wp\/v2\/comments?post=510"}],"version-history":[{"count":11,"href":"https:\/\/clpremium.fr\/index.php\/wp-json\/wp\/v2\/pages\/510\/revisions"}],"predecessor-version":[{"id":670,"href":"https:\/\/clpremium.fr\/index.php\/wp-json\/wp\/v2\/pages\/510\/revisions\/670"}],"wp:attachment":[{"href":"https:\/\/clpremium.fr\/index.php\/wp-json\/wp\/v2\/media?parent=510"}],"curies":[{"name":"wp","href":"https:\/\/api.w.org\/{rel}","templated":true}]}}