{"id":520,"date":"2017-02-17T18:00:34","date_gmt":"2017-02-17T17:00:34","guid":{"rendered":"http:\/\/clpremium.fr\/?page_id=520"},"modified":"2023-12-25T12:47:36","modified_gmt":"2023-12-25T11:47:36","slug":"contact","status":"publish","type":"page","link":"https:\/\/clpremium.fr\/index.php\/contact\/","title":{"rendered":"Contact"},"content":{"rendered":"<p class=\"p1\" style=\"text-align: left;\"><span class=\"s1\"><b>Notre groupe\u00a0est dirig\u00e9 par\u00a0<\/b><\/span><span class=\"s2\"><b>Caroline Lisfranc<\/b><\/span><span class=\"s1\"><b>, fondatrice, designer et pr\u00e9sidente de la soci\u00e9t\u00e9.\u00a0<\/b><\/span><\/p>\n<p class=\"p2\" style=\"text-align: left;\"><span class=\"s3\">Il\u00a0<\/span><span class=\"s1\">\u00a0permet la conception, le d\u00e9veloppement et la production de nouveaux produits <\/span><span class=\"s1\">(primes, objet, packaging, PLV &#8230;).<\/span><span class=\"s4\">\u00a0<\/span><\/p>\n<p class=\"p3\" style=\"text-align: left;\"><span class=\"s6\"><b>Confiez nous votre\u00a0brief\u00a0<\/b><\/span><span class=\"s7\">et\u00a0<\/span><span class=\"s1\">nous\u00a0cr\u00e9ons\u00a0l\u2019Objet, le Visuel, la Ligne ad\u00e9quat<\/span><span class=\"s7\">\u00a0\u00e0 votre besoin.<\/span><\/p>\n","protected":false},"excerpt":{"rendered":"<p>Notre groupe\u00a0est dirig\u00e9 par\u00a0Caroline Lisfranc, fondatrice, designer et pr\u00e9sidente de la soci\u00e9t\u00e9.\u00a0 Il\u00a0\u00a0permet la conception, le d\u00e9veloppement et la production de nouveaux produits (primes, objet, packaging, PLV &#8230;).\u00a0 Confiez nous votre\u00a0brief\u00a0et\u00a0nous\u00a0cr\u00e9ons\u00a0l\u2019Objet, le Visuel, la Ligne ad\u00e9quat\u00a0\u00e0 votre besoin.<\/p>\n","protected":false},"author":1,"featured_media":0,"parent":0,"menu_order":0,"comment_status":"closed","ping_status":"closed","template":"","meta":[],"_links":{"self":[{"href":"https:\/\/clpremium.fr\/index.php\/wp-json\/wp\/v2\/pages\/520"}],"collection":[{"href":"https:\/\/clpremium.fr\/index.php\/wp-json\/wp\/v2\/pages"}],"about":[{"href":"https:\/\/clpremium.fr\/index.php\/wp-json\/wp\/v2\/types\/page"}],"author":[{"embeddable":true,"href":"https:\/\/clpremium.fr\/index.php\/wp-json\/wp\/v2\/users\/1"}],"replies":[{"embeddable":true,"href":"https:\/\/clpremium.fr\/index.php\/wp-json\/wp\/v2\/comments?post=520"}],"version-history":[{"count":5,"href":"https:\/\/clpremium.fr\/index.php\/wp-json\/wp\/v2\/pages\/520\/revisions"}],"predecessor-version":[{"id":40483,"href":"https:\/\/clpremium.fr\/index.php\/wp-json\/wp\/v2\/pages\/520\/revisions\/40483"}],"wp:attachment":[{"href":"https:\/\/clpremium.fr\/index.php\/wp-json\/wp\/v2\/media?parent=520"}],"curies":[{"name":"wp","href":"https:\/\/api.w.org\/{rel}","templated":true}]}}